{"id":441,"date":"2023-09-19T12:27:17","date_gmt":"2023-09-19T15:27:17","guid":{"rendered":"https:\/\/feraservicos.com\/?page_id=441"},"modified":"2023-10-05T12:47:49","modified_gmt":"2023-10-05T15:47:49","slug":"lgpd","status":"publish","type":"page","link":"https:\/\/feraservicos.com\/index.php\/lgpd\/","title":{"rendered":"LGPD"},"content":{"rendered":"\n<p>Ol\u00e1!<\/p>\n\n\n\n<p>Considerando que n\u00f3s da Fera Presta\u00e7\u00e3o de Servi\u00e7os em Geral sempre tratamos como confidenciais todos os dados aos quais temos acesso no regular exerc\u00edcio de nossas atividades, e com a vig\u00eancia da LGPD formalizamos esta pr\u00e1tica em pol\u00edtica. Tendo em vista que estamos sempre e cada vez mais atentos \u00e0 prote\u00e7\u00e3o dos dados pessoais.<br><br>Para ter acesso ao nosso Aviso de Privacidade, continue navegando em nosso site.<br><br>Para qualquer questionamento ou solicita\u00e7\u00e3o envolvendo dados pessoais, envie e-mail para a nossa \u2013 Encarregada de Prote\u00e7\u00e3o de Dados (DPO): \u00a0<a href=\"mailto:sonia.diniz@feraservicos.com\">sonia.diniz@feraservicos.com<\/a>.<\/p>\n","protected":false},"excerpt":{"rendered":"<p>Ol\u00e1! Considerando que n\u00f3s da Fera Presta\u00e7\u00e3o de Servi\u00e7os em Geral sempre tratamos como confidenciais todos os dados aos quais temos acesso no regular exerc\u00edcio de nossas atividades, e com a vig\u00eancia da LGPD formalizamos esta pr\u00e1tica em pol\u00edtica. Tendo em vista que estamos sempre e cada vez mais atentos \u00e0 prote\u00e7\u00e3o dos dados pessoais.<\/p>\n","protected":false},"author":1,"featured_media":0,"parent":0,"menu_order":0,"comment_status":"closed","ping_status":"closed","template":"","meta":{"footnotes":""},"_links":{"self":[{"href":"https:\/\/feraservicos.com\/index.php\/wp-json\/wp\/v2\/pages\/441"}],"collection":[{"href":"https:\/\/feraservicos.com\/index.php\/wp-json\/wp\/v2\/pages"}],"about":[{"href":"https:\/\/feraservicos.com\/index.php\/wp-json\/wp\/v2\/types\/page"}],"author":[{"embeddable":true,"href":"https:\/\/feraservicos.com\/index.php\/wp-json\/wp\/v2\/users\/1"}],"replies":[{"embeddable":true,"href":"https:\/\/feraservicos.com\/index.php\/wp-json\/wp\/v2\/comments?post=441"}],"version-history":[{"count":5,"href":"https:\/\/feraservicos.com\/index.php\/wp-json\/wp\/v2\/pages\/441\/revisions"}],"predecessor-version":[{"id":497,"href":"https:\/\/feraservicos.com\/index.php\/wp-json\/wp\/v2\/pages\/441\/revisions\/497"}],"wp:attachment":[{"href":"https:\/\/feraservicos.com\/index.php\/wp-json\/wp\/v2\/media?parent=441"}],"curies":[{"name":"wp","href":"https:\/\/api.w.org\/{rel}","templated":true}]}}