{"id":254,"date":"2020-06-24T20:02:21","date_gmt":"2020-06-24T23:02:21","guid":{"rendered":"https:\/\/feraservicos.com\/?page_id=254"},"modified":"2023-11-24T15:53:36","modified_gmt":"2023-11-24T18:53:36","slug":"localizacao","status":"publish","type":"page","link":"https:\/\/feraservicos.com\/index.php\/localizacao\/","title":{"rendered":"Localiza\u00e7\u00e3o"},"content":{"rendered":"<blockquote><p><strong>ESCRIT\u00d3RIO &#8211; SEDE<br \/>\n<\/strong>Avenida Minas Gerais 374, Centro &#8211; Matozinhos \/ MG<br \/>\nCEP 35720-000<br \/>\nTelefone: (31) 3712-2141<\/p>\n<p><strong>Localiza\u00e7\u00e3o &#8211; Mapa<br \/>\n<\/strong><a href=\"https:\/\/maps.app.goo.gl\/UaZPzmnDp1JMErPe7\">https:\/\/goo.gl\/maps\/UaZPzmnDp1JMErPe7<\/a><\/p>\n<p><iframe src=\"https:\/\/www.google.com\/maps\/embed?pb=!1m18!1m12!1m3!1d939.8814302219225!2d-44.080283825841526!3d-19.561965291678!2m3!1f0!2f0!3f0!3m2!1i1024!2i768!4f13.1!3m3!1m2!1s0xa667497f602079%3A0x7fc684fb09e5854b!2sAv.%20Minas%20Gerais%2C%20374%20-%20Centro%2C%20Matozinhos%20-%20MG%2C%2035720-000!5e0!3m2!1spt-BR!2sbr!4v1700851799920!5m2!1spt-BR!2sbr\" width=\"600\" height=\"450\" style=\"border:0;\" allowfullscreen=\"\" loading=\"lazy\" referrerpolicy=\"no-referrer-when-downgrade\"><\/iframe><\/p><\/blockquote>\n","protected":false},"excerpt":{"rendered":"<p>ESCRIT\u00d3RIO &#8211; SEDE Avenida Minas Gerais 374, Centro &#8211; Matozinhos \/ MG CEP 35720-000 Telefone: (31) 3712-2141 Localiza\u00e7\u00e3o &#8211; Mapa https:\/\/goo.gl\/maps\/UaZPzmnDp1JMErPe7<\/p>\n","protected":false},"author":1,"featured_media":0,"parent":0,"menu_order":0,"comment_status":"closed","ping_status":"closed","template":"","meta":{"footnotes":""},"_links":{"self":[{"href":"https:\/\/feraservicos.com\/index.php\/wp-json\/wp\/v2\/pages\/254"}],"collection":[{"href":"https:\/\/feraservicos.com\/index.php\/wp-json\/wp\/v2\/pages"}],"about":[{"href":"https:\/\/feraservicos.com\/index.php\/wp-json\/wp\/v2\/types\/page"}],"author":[{"embeddable":true,"href":"https:\/\/feraservicos.com\/index.php\/wp-json\/wp\/v2\/users\/1"}],"replies":[{"embeddable":true,"href":"https:\/\/feraservicos.com\/index.php\/wp-json\/wp\/v2\/comments?post=254"}],"version-history":[{"count":7,"href":"https:\/\/feraservicos.com\/index.php\/wp-json\/wp\/v2\/pages\/254\/revisions"}],"predecessor-version":[{"id":515,"href":"https:\/\/feraservicos.com\/index.php\/wp-json\/wp\/v2\/pages\/254\/revisions\/515"}],"wp:attachment":[{"href":"https:\/\/feraservicos.com\/index.php\/wp-json\/wp\/v2\/media?parent=254"}],"curies":[{"name":"wp","href":"https:\/\/api.w.org\/{rel}","templated":true}]}}