{"id":16,"date":"2017-08-10T16:17:23","date_gmt":"2017-08-10T16:17:23","guid":{"rendered":"https:\/\/felixjiujitsu.000webhostapp.com\/?page_id=2"},"modified":"2024-02-22T13:19:24","modified_gmt":"2024-02-22T16:19:24","slug":"sobre","status":"publish","type":"page","link":"https:\/\/feraservicos.com\/index.php\/sobre\/","title":{"rendered":"Sobre a FERA"},"content":{"rendered":"\n<p class=\"has-cyan-bluish-gray-color has-text-color\" style=\"font-size:29px\">APRESENTA\u00c7\u00c3O<\/p>\n\n\n\n<p class=\"has-vivid-red-color has-text-color\">______________________________________________________________________________________________________________________________<\/p>\n\n\n\n<p class=\"has-medium-font-size\"><strong>A Empresa<\/strong><\/p>\n\n\n\n<p>Fera Presta\u00e7\u00e3o de Servi\u00e7os em Geral&nbsp;Ltda-ME&nbsp;foi fundada em 2010 e desde ent\u00e3o atua na presta\u00e7\u00e3o de servi\u00e7os de v\u00e1rios segmentos e loca\u00e7\u00e3o \/ venda de equipamentos de seguran\u00e7a eletr\u00f4nica.<\/p>\n\n\n\n<p>Temos como miss\u00e3o empreender contribuindo para o desenvolvimento de nossos clientes, colaboradores e da sociedade.<\/p>\n\n\n\n<p class=\"has-vivid-red-color has-text-color\">______________________________________________________________________________________________________________________________<\/p>\n\n\n\n<p class=\"has-medium-font-size\"><strong>Compromisso<\/strong><\/p>\n\n\n\n<p>O compromisso com a excel\u00eancia \u00e9 o resultado da forma\u00e7\u00e3o de nossos colaboradores e presen\u00e7a constante dos gerentes na fiscaliza\u00e7\u00e3o dos servi\u00e7os.<\/p>\n\n\n\n<p>Temos como pol\u00edtica principal a realiza\u00e7\u00e3o dos servi\u00e7os com foco nas necessidades do cliente. Todo servi\u00e7o \u00e9 desenvolvido de forma personalizada, adequando as pr\u00e1ticas do mercado com a realidade e expectativas do nosso cliente.<\/p>\n\n\n\n<p class=\"has-vivid-red-color has-text-color\">______________________________________________________________________________________________________________________________<\/p>\n\n\n\n<p class=\"has-medium-font-size\"><strong>Servi\u00e7os<\/strong><\/p>\n\n\n\n<p>A empresa oferece a presta\u00e7\u00e3o de servi\u00e7os de:<\/p>\n\n\n\n<p>\u27a2Portaria<\/p>\n\n\n\n<p>\u27a2Vigia<\/p>\n\n\n\n<p>\u27a2Recep\u00e7\u00e3o<\/p>\n\n\n\n<p>\u27a2Conserva\u00e7\u00e3o e limpeza<\/p>\n\n\n\n<p>\u27a2Loca\u00e7\u00e3o de equipamentos para CFTV e Alarmes<\/p>\n\n\n\n<p>\u27a2Venda em geral de sistema de seguran\u00e7a eletr\u00f4nica<\/p>\n\n\n\n<p class=\"has-vivid-red-color has-text-color\">______________________________________________________________________________________________________________________________<\/p>\n\n\n\n<p class=\"has-medium-font-size\"><strong>Objetivos<\/strong><\/p>\n\n\n\n<p>Nossos servi\u00e7os s\u00e3o realizados com primazia e excel\u00eancia, compromisso e inova\u00e7\u00e3o, objetivando sempre a maior satisfa\u00e7\u00e3o do cliente, o desenvolvimento econ\u00f4mico social e de nossos colaboradores.<\/p>\n\n\n\n<p class=\"has-vivid-red-color has-text-color\">______________________________________________________________________________________________________________________________<\/p>\n\n\n\n<p class=\"has-medium-font-size\"><strong>Nossos Clientes<\/strong><\/p>\n\n\n\n<p>\u27a2BR MATOZINHOS<\/p>\n\n\n\n<p>\u27a2BR M UNIDADE III \u2013 PRUDENTE DE MORAIS<\/p>\n\n\n\n<p>\u27a2LEMI REFRAT\u00c1RIOS<\/p>\n\n\n\n<p>\u27a2CONSTRUMETAL<\/p>\n\n\n\n<p>\u27a2POLIMIX (MIZU CIMENTOS ESPECIAIS)<\/p>\n\n\n\n<p>\u27a2ADUBOS VANGUARD<\/p>\n\n\n\n<p>\u27a2COSIMAT<\/p>\n\n\n\n<p>\u27a2CAESP<\/p>\n\n\n\n<p>\u27a2YAZAKI<\/p>\n\n\n\n<p>\u27a2PMC SERVI\u00c7OS<\/p>\n\n\n\n<p>\u27a2GRUPO VICTOR<\/p>\n\n\n\n<p>\u27a2VICTOR ADVOGADOS ASSOCIADOS<\/p>\n\n\n\n<p>\u27a2DESA ENGENHARIA<\/p>\n\n\n\n<p>\u27a2BAGMINAS<\/p>\n\n\n\n<p>\u27a2HIDROMET<\/p>\n\n\n\n<p>\u27a2REFRAMINAS<\/p>\n\n\n\n<p>\u27a2REMONT<\/p>\n\n\n\n<p>\u27a2CONDOM\u00cdNIO EST\u00c2NCIA DA MATA<\/p>\n\n\n\n<p>\u27a2CONDOM\u00cdNIO QUINTAS DAS FAZENDINHAS<\/p>\n\n\n\n<p>\u27a2CONDOM\u00cdNIO RETIRO DAS GAR\u00c7AS<\/p>\n\n\n\n<p>\u27a2CONDOM\u00cdNIO REPRESA VILLE \u2013 CAPIM BRANCO<\/p>\n\n\n\n<p>\u27a2CONDOM\u00cdNIO VALE DAS PALMEIRAS<\/p>\n\n\n\n<p>\u27a2RZ TELHAS<\/p>\n\n\n\n<p>\u27a2AUTO POSTO MATOZINHOS<\/p>\n\n\n\n<p>\u27a2POSTO S\u00c3O SEBASTI\u00c3O<\/p>\n\n\n\n<p>\u27a2NONATO M\u00d3VEIS<\/p>\n\n\n\n<p>\u27a2CL\u00cdNICA DR. JO\u00c3O PEDRO<\/p>\n\n\n\n<p>\u27a2LABORAT\u00d3RIO DR. JO\u00c3O PEDRO<\/p>\n\n\n\n<p>\u27a2PONTO DA RA\u00c7\u00c3O<\/p>\n\n\n\n<p>\u27a2BARBEARIA DO EDINHO<\/p>\n\n\n\n<p>\u27a2ESCOLA NOSSO MUNDO<\/p>\n\n\n\n<p>\u27a2IGREJA QUDRANGULAR<\/p>\n\n\n\n<p>\u27a2ALTERNATIVA<\/p>\n\n\n\n<p>\u27a2SUPERCECI &#8211; MOCAMBEIRO<\/p>\n\n\n\n<p>\u27a2ELA VE\u00cdCULOS<\/p>\n\n\n\n<p>\u27a2ELIANI IMOBILI\u00c1RIA<\/p>\n\n\n\n<p>\u27a2PADARIA SILVINHA<\/p>\n\n\n\n<p>\u27a2CANTINHO DA MARLENE<\/p>\n\n\n\n<p>\u27a2EMPRESA ALCINO COTA<\/p>\n\n\n\n<p>\u27a2FUNDA\u00c7\u00c3O DIRCE FIGUEIREDO<\/p>\n\n\n\n<p>\u27a2G- CAR<\/p>\n\n\n\n<p>\u27a2LOJA SENSUAL<\/p>\n\n\n\n<p>\u27a2LANCHONETE CHEGA MAIS<\/p>\n\n\n\n<p>\u27a2MTZ PLACAS<\/p>\n\n\n\n<p>\u27a2JO COTA<\/p>\n\n\n\n<p>\u27a2MTZ VE\u00cdCULOS<\/p>\n\n\n\n<p>\u27a2MINEIR\u00cdSSIMO<\/p>\n\n\n\n<p>\u27a2LEO SACOL\u00c3O<\/p>\n\n\n\n<p>\u27a2AGROFREITAS<\/p>\n\n\n\n<p>\u27a2ORALDENTE<\/p>\n\n\n\n<p>\u27a2RESORT EL SHADAY<\/p>\n\n\n\n<p>\u27a2AGROPECU\u00c1RIA MTZ<\/p>\n\n\n\n<p>\u27a2FUNNY DOG<\/p>\n\n\n\n<p>\u27a2SBS<\/p>\n\n\n\n<p>\u27a2SELECT CAR<\/p>\n\n\n\n<p>\u27a2MERCEARIA CAFEZAL<\/p>\n\n\n\n<p>\u27a2BORRACHARIA 2 IRM\u00c3OS<\/p>\n\n\n\n<p>\u27a2TRANSPORTADORA PRR<\/p>\n\n\n\n<p>\u27a2TRANSPORTES IM<\/p>\n\n\n\n<p>\u27a2P\u00c1TIO UNI\u00c3O<\/p>\n\n\n\n<p>\u27a2UNIVERSAL CONSTRUTORA<\/p>\n\n\n\n<p>\u27a2S\u00d3LIDO ENGENHARIA<\/p>\n\n\n\n<p>\u27a2CG ENGENHARIA<\/p>\n\n\n\n<p>\u27a2PEIXARIA MATOZINHOS<\/p>\n\n\n\n<p>\u27a2JM A\u00c7OUGUE<\/p>\n\n\n\n<p>\u27a2AUTO ESCOLA NOVA OP\u00c7\u00c3O<\/p>\n\n\n\n<p>\u27a2RUSTIKU\u00b4S BAR<\/p>\n\n\n\n<p>\u27a2APAE<\/p>\n\n\n\n<p>\u27a2ASSOCIA\u00c7\u00c3O ATL\u00c9TICA BR METALS<\/p>\n\n\n\n<p>\u27a2BAR DO CARNEIRO<\/p>\n\n\n\n<p>\u27a2CANTINA DA D\u00da<\/p>\n\n\n\n<p>\u27a2CART\u00d3RIO REG. CIVIL<\/p>\n\n\n\n<p>\u27a2ESCRIT. ADVOCACIA DRA CARLA VIEIRA \u2013 CAPIM BRANCO<\/p>\n\n\n\n<p>\u27a2BAR DO VINO \u2013 MOCAMBEIRO<\/p>\n\n\n\n<p>\u27a2CLUBE ITAMARATY<\/p>\n\n\n\n<p>\u27a2SAL\u00c3O EBENEZER<\/p>\n\n\n\n<p>\u27a2MULTI CHAVES<\/p>\n\n\n\n<p>\u27a2M PE\u00c7AS<\/p>\n\n\n\n<p>\u27a2FRED DISTRIBUIDORA \u2013 PEDRO LEOPOLDO<\/p>\n\n\n\n<p>\u27a2NUTRIROCHA<\/p>\n\n\n\n<p class=\"has-vivid-red-color has-text-color\">______________________________________________________________________________________________________________________________<\/p>\n\n\n\n<p class=\"has-medium-font-size\"><strong>Contatos<\/strong><\/p>\n\n\n\n<p>Para esclarecimento de qualquer d\u00favida ou realiza\u00e7\u00e3o de or\u00e7amentos favor nos contactar pelo site,&nbsp;e-mail,&nbsp;telefone ou WhatsApp.<\/p>\n\n\n\n<figure class=\"wp-block-image size-large is-resized\"><img decoding=\"async\" loading=\"lazy\" width=\"648\" height=\"139\" src=\"https:\/\/feraservicos.com\/wp-content\/uploads\/2021\/07\/image-3.png\" alt=\"\" class=\"wp-image-357\" style=\"width:841px;height:180px\" srcset=\"https:\/\/feraservicos.com\/wp-content\/uploads\/2021\/07\/image-3.png 648w, https:\/\/feraservicos.com\/wp-content\/uploads\/2021\/07\/image-3-300x64.png 300w\" sizes=\"(max-width: 648px) 100vw, 648px\" \/><\/figure>\n\n\n\n<p><\/p>\n","protected":false},"excerpt":{"rendered":"<p>APRESENTA\u00c7\u00c3O ______________________________________________________________________________________________________________________________ A Empresa Fera Presta\u00e7\u00e3o de Servi\u00e7os em Geral&nbsp;Ltda-ME&nbsp;foi fundada em 2010 e desde ent\u00e3o atua na presta\u00e7\u00e3o de servi\u00e7os de v\u00e1rios segmentos e loca\u00e7\u00e3o \/ venda de equipamentos de seguran\u00e7a eletr\u00f4nica. Temos como miss\u00e3o empreender contribuindo para o desenvolvimento de nossos clientes, colaboradores e da sociedade. ______________________________________________________________________________________________________________________________ Compromisso O compromisso com a excel\u00eancia<\/p>\n","protected":false},"author":2,"featured_media":0,"parent":0,"menu_order":0,"comment_status":"closed","ping_status":"closed","template":"","meta":{"footnotes":""},"_links":{"self":[{"href":"https:\/\/feraservicos.com\/index.php\/wp-json\/wp\/v2\/pages\/16"}],"collection":[{"href":"https:\/\/feraservicos.com\/index.php\/wp-json\/wp\/v2\/pages"}],"about":[{"href":"https:\/\/feraservicos.com\/index.php\/wp-json\/wp\/v2\/types\/page"}],"author":[{"embeddable":true,"href":"https:\/\/feraservicos.com\/index.php\/wp-json\/wp\/v2\/users\/2"}],"replies":[{"embeddable":true,"href":"https:\/\/feraservicos.com\/index.php\/wp-json\/wp\/v2\/comments?post=16"}],"version-history":[{"count":13,"href":"https:\/\/feraservicos.com\/index.php\/wp-json\/wp\/v2\/pages\/16\/revisions"}],"predecessor-version":[{"id":559,"href":"https:\/\/feraservicos.com\/index.php\/wp-json\/wp\/v2\/pages\/16\/revisions\/559"}],"wp:attachment":[{"href":"https:\/\/feraservicos.com\/index.php\/wp-json\/wp\/v2\/media?parent=16"}],"curies":[{"name":"wp","href":"https:\/\/api.w.org\/{rel}","templated":true}]}}