{"id":130,"date":"2017-08-13T18:01:34","date_gmt":"2017-08-13T21:01:34","guid":{"rendered":"https:\/\/felixjiujitsu.000webhostapp.com\/?page_id=130"},"modified":"2024-02-22T13:20:22","modified_gmt":"2024-02-22T16:20:22","slug":"servicos","status":"publish","type":"page","link":"https:\/\/feraservicos.com\/index.php\/servicos\/","title":{"rendered":"Servi\u00e7os"},"content":{"rendered":"<p><strong><em>SERVI\u00c7OS<\/em><\/strong><\/p>\n<blockquote>\n<p><strong>INSTALA\u00c7\u00c3O DE C\u00c2MERAS, ALARMES E PORT\u00c3O ELETR\u00d4NICO<\/strong><br \/>Fera presta servi\u00e7os de instala\u00e7\u00e3o e manuten\u00e7\u00e3o de c\u00e2meras de monitoramento, alarmes e port\u00e3o eletr\u00f4nico com equipamentos de \u00faltima gera\u00e7\u00e3o.<\/p>\n<p><strong>VIGIA, LIMPEZA E CONSERVA\u00c7\u00c3O<br \/><\/strong>Presta\u00e7\u00e3o de servi\u00e7os de limpeza, conserva\u00e7\u00e3o e zeladoria.<\/p>\n<\/blockquote>\n\n\n<figure class=\"wp-block-image size-large\"><img decoding=\"async\" loading=\"lazy\" width=\"1024\" height=\"1024\" src=\"https:\/\/feraservicos.com\/wp-content\/uploads\/2021\/09\/NOSSO-DEVER-FEED-1-1024x1024.jpg\" alt=\"\" class=\"wp-image-375\" srcset=\"https:\/\/feraservicos.com\/wp-content\/uploads\/2021\/09\/NOSSO-DEVER-FEED-1-1024x1024.jpg 1024w, https:\/\/feraservicos.com\/wp-content\/uploads\/2021\/09\/NOSSO-DEVER-FEED-1-300x300.jpg 300w, https:\/\/feraservicos.com\/wp-content\/uploads\/2021\/09\/NOSSO-DEVER-FEED-1-150x150.jpg 150w, https:\/\/feraservicos.com\/wp-content\/uploads\/2021\/09\/NOSSO-DEVER-FEED-1-768x768.jpg 768w, https:\/\/feraservicos.com\/wp-content\/uploads\/2021\/09\/NOSSO-DEVER-FEED-1.jpg 1080w\" sizes=\"(max-width: 1024px) 100vw, 1024px\" \/><\/figure>\n\n\n\n<p><\/p>\n","protected":false},"excerpt":{"rendered":"<p>SERVI\u00c7OS INSTALA\u00c7\u00c3O DE C\u00c2MERAS, ALARMES E PORT\u00c3O ELETR\u00d4NICOFera presta servi\u00e7os de instala\u00e7\u00e3o e manuten\u00e7\u00e3o de c\u00e2meras de monitoramento, alarmes e port\u00e3o eletr\u00f4nico com equipamentos de \u00faltima gera\u00e7\u00e3o. VIGIA, LIMPEZA E CONSERVA\u00c7\u00c3OPresta\u00e7\u00e3o de servi\u00e7os de limpeza, conserva\u00e7\u00e3o e zeladoria.<\/p>\n","protected":false},"author":2,"featured_media":0,"parent":0,"menu_order":1,"comment_status":"closed","ping_status":"closed","template":"","meta":{"footnotes":""},"_links":{"self":[{"href":"https:\/\/feraservicos.com\/index.php\/wp-json\/wp\/v2\/pages\/130"}],"collection":[{"href":"https:\/\/feraservicos.com\/index.php\/wp-json\/wp\/v2\/pages"}],"about":[{"href":"https:\/\/feraservicos.com\/index.php\/wp-json\/wp\/v2\/types\/page"}],"author":[{"embeddable":true,"href":"https:\/\/feraservicos.com\/index.php\/wp-json\/wp\/v2\/users\/2"}],"replies":[{"embeddable":true,"href":"https:\/\/feraservicos.com\/index.php\/wp-json\/wp\/v2\/comments?post=130"}],"version-history":[{"count":14,"href":"https:\/\/feraservicos.com\/index.php\/wp-json\/wp\/v2\/pages\/130\/revisions"}],"predecessor-version":[{"id":560,"href":"https:\/\/feraservicos.com\/index.php\/wp-json\/wp\/v2\/pages\/130\/revisions\/560"}],"wp:attachment":[{"href":"https:\/\/feraservicos.com\/index.php\/wp-json\/wp\/v2\/media?parent=130"}],"curies":[{"name":"wp","href":"https:\/\/api.w.org\/{rel}","templated":true}]}}